{"id":1812,"date":"2020-06-18T16:07:18","date_gmt":"2020-06-18T14:07:18","guid":{"rendered":"https:\/\/www.rebecca-soetebier.de\/%e5%a3%93%e5%8a%9b%e5%9e%8b%e6%b8%ac%e8%a9%a6-2\/"},"modified":"2020-06-24T17:41:23","modified_gmt":"2020-06-24T15:41:23","slug":"%e5%a3%93%e5%8a%9b%e5%9e%8b%e6%b8%ac%e8%a9%a6","status":"publish","type":"page","link":"https:\/\/www.rebecca-soetebier.de\/zh-hant\/%e5%a3%93%e5%8a%9b%e5%9e%8b%e6%b8%ac%e8%a9%a6\/","title":{"rendered":"\u58d3\u529b\u578b\u6e2c\u8a66"},"content":{"rendered":"<div class=\"wpb-content-wrapper\"><p>[vc_row css=&#8221;.vc_custom_1592488777589{margin-top: 40px !important;margin-bottom: 0px !important;}&#8221;][vc_column width=&#8221;1\/4&#8243;][\/vc_column][vc_column width=&#8221;1\/2&#8243;][vc_column_text]<\/p>\n<p style=\"text-align: center;\"><strong>\n<div role=\"navigation\" aria-label=\"\u8a9e\u8a00\u5207\u63db\u5668\" class=\"wpml-ls-statics-shortcode_actions wpml-ls wpml-ls-legacy-list-horizontal\">\n\t<ul><li class=\"wpml-ls-slot-shortcode_actions wpml-ls-item wpml-ls-item-de wpml-ls-first-item wpml-ls-item-legacy-list-horizontal\">\n\t\t\t\t<a href=\"https:\/\/www.rebecca-soetebier.de\/\" hreflang=\"de\" lang=\"de\" class=\"wpml-ls-link\" aria-label=\"Switch to Deutsch\" title=\"Switch to Deutsch\">\n\t\t\t\t\t                                    <img decoding=\"async\"\n            class=\"wpml-ls-flag\"\n            src=\"https:\/\/www.rebecca-soetebier.de\/wordpress\/wp-content\/plugins\/sitepress-multilingual-cms\/res\/flags\/de.png\"\n            alt=\"\"\n            loading=\"lazy\"\n            width=18\n            height=12\n    \/><span class=\"wpml-ls-native\">Deutsch<\/span><\/a>\n\t\t\t<\/li><li class=\"wpml-ls-slot-shortcode_actions wpml-ls-item wpml-ls-item-en wpml-ls-item-legacy-list-horizontal\">\n\t\t\t\t<a href=\"https:\/\/www.rebecca-soetebier.de\/en\/\" hreflang=\"en\" lang=\"en\" class=\"wpml-ls-link\" aria-label=\"Switch to English\" title=\"Switch to English\">\n\t\t\t\t\t                                    <img decoding=\"async\"\n            class=\"wpml-ls-flag\"\n            src=\"https:\/\/www.rebecca-soetebier.de\/wordpress\/wp-content\/plugins\/sitepress-multilingual-cms\/res\/flags\/en.png\"\n            alt=\"\"\n            loading=\"lazy\"\n            width=18\n            height=12\n    \/><span class=\"wpml-ls-native\">English<\/span><\/a>\n\t\t\t<\/li><li class=\"wpml-ls-slot-shortcode_actions wpml-ls-item wpml-ls-item-zh-hant wpml-ls-current-language wpml-ls-last-item wpml-ls-item-legacy-list-horizontal\">\n\t\t\t\t<a href=\"https:\/\/www.rebecca-soetebier.de\/zh-hant\/\" hreflang=\"zh-hant\" lang=\"zh-hant\" class=\"wpml-ls-link\" aria-current=\"page\" aria-label=\"Switch to \u7e41\u9ad4\u4e2d\u6587\" title=\"Switch to \u7e41\u9ad4\u4e2d\u6587\">\n\t\t\t\t\t                                    <img decoding=\"async\"\n            class=\"wpml-ls-flag\"\n            src=\"https:\/\/www.rebecca-soetebier.de\/wordpress\/wp-content\/plugins\/sitepress-multilingual-cms\/res\/flags\/zh.png\"\n            alt=\"\"\n            loading=\"lazy\"\n            width=18\n            height=12\n    \/><span class=\"wpml-ls-native\">\u7e41\u9ad4\u4e2d\u6587<\/span><\/a>\n\t\t\t<\/li><\/ul>\n<\/div>\n<\/strong><\/p>\n<p>[\/vc_column_text][\/vc_column][vc_column width=&#8221;1\/4&#8243;][\/vc_column][\/vc_row][vc_row css=&#8221;.vc_custom_1582639709028{margin-top: 0px !important;margin-bottom: 60px !important;padding-top: 0px !important;}&#8221;][vc_column css=&#8221;.vc_custom_1582639643659{margin-top: 0px !important;padding-top: 0px !important;}&#8221;][vc_column_text css=&#8221;.vc_custom_1582639550388{margin-top: 40px !important;}&#8221;]<\/p>\n<h1 style=\"text-align: center; color: #f0a900;\">\u201c\u6027\u80fd\u66f4\u9ad8\uff0c\u58d3\u529b\u66f4\u5c0f\u201d<\/h1>\n<h2 style=\"text-align: center; color: #f0a900;\">\u9019\u807d\u8d77\u4f86\u5c0d\u4f60\u4f86\u8aaa\u5f88\u795e\u5947\uff1f\u9019\u662f\u6b63\u78ba\u7684\u7b56\u7565\uff01<\/h2>\n<p>[\/vc_column_text][vc_column_text css=&#8221;.vc_custom_1582639736698{margin-bottom: 30px !important;}&#8221;]<\/p>\n<p class=\"p2\">\u60f3\u50cf\u4e00\u4e0b\u58d3\u529b\u5c01\u9396\uff0c\u5c31\u50cf\u4e00\u6247\u9396\u8457\u7684\u9580\uff0c\u5c07\u4f60\u5f9e\u771f\u6b63\u7684\u80fd\u529b\u4e2d\u5206\u96e2\u51fa\u4f86\u3002\u8981\u6253\u958b\u9019\u6247\u9580\uff0c\u4f60\u9700\u8981\u7684\u53ea\u662f\u6b63\u78ba\u7684\u9470\u5319\u3002\u6211\u5011\u5c07\u4e00\u8d77\u767c\u73fe\uff1a\u901a\u904e\u58d3\u529b\u578b\u6e2c\u8a66\uff0c\u60a8\u5c07\u5b78\u7fd2\u5982\u4f55\u901a\u904e\u6b63\u78ba\u7684\u7b56\u7565\u89e3\u6c7a\u58d3\u529b\u969c\u7919\uff0c\u4e26\u5c07\u60a8\u7684\u7cbe\u529b\u4fdd\u6301\u5728\u5065\u5eb7\u7684\u6c34\u5e73\u3002\u9019\u5c31\u662f\u6210\u529f\u5c07\u5982\u4f55\u5c55\u793a\u5728\u4f60\u7684\u751f\u6d3b\u4e2d\uff0c\u56e0\u70ba\u80fd\u91cf\u6c38\u9060\u8d0f\u5f97\uff01<\/p>\n<p class=\"p3\">\u5982\u679c\u4f60\u77e5\u9053\u5982\u4f55\u8655\u7406 \u5954\u8dd1\u7684\u55f6\u55f6\u9ce5\uff0c\u611b\u52d5\u7684\u72fc\uff0c\u653e\u9b06\u7684\u9177\u718a\u548c\u8a71\u5323\u5b50\uff0c\u4ee5\u53ca\u4ed6\u5011\u81ea\u5df1\u7684\u6e1b\u58d3\u548c\u6e1b\u58d3\u63aa\u65bd\u662f\u4ec0\u9ebc\uff0c\u90a3\u9ebc\u4f60\u7684\u74b0\u5883\u5c31\u6703\u66f4\u52a0\u8070\u660e\uff01\u512a\u5316\u7684\u74b0\u5883\u5e36\u4f86\u80fd\u91cf\u6d41\u52d5\uff0c\u6e1b\u5c11\u75c5\u5047\u548c\u5176\u4ed6\u4e0d\u4fbf\u3002\u66f4\u5c11\u7684\u885d\u7a81\uff0c\u66f4\u9ad8\u7684\u751f\u7522\u529b\u548c\u66f4\u591a\u7684\u7f8e\u597d\u6642\u5149\uff01<\/p>\n<p>[\/vc_column_text][vc_btn title=&#8221;\u73fe\u5728\u958b\u59cb\uff01&#8221; style=&#8221;custom&#8221; custom_background=&#8221;#00cc2c&#8221; custom_text=&#8221;#ffffff&#8221; size=&#8221;lg&#8221; align=&#8221;center&#8221; link=&#8221;url:https%3A%2F%2Fwww.rebecca-soetebier.de%2Fzh-hant%2F%25e5%25a3%2593%25e5%258a%259b%25e5%259e%258b%25e6%25b8%25ac%25e8%25a9%25a6-start%2F|||&#8221;][\/vc_column][\/vc_row]<\/p>\n<\/div>","protected":false},"excerpt":{"rendered":"<p>[vc_row css=&#8221;.vc_cus<span class=\"excerpt-hellip\"> [\u2026]<\/span><\/p>\n","protected":false},"author":4,"featured_media":0,"parent":0,"menu_order":-80,"comment_status":"closed","ping_status":"closed","template":"","meta":{"_acf_changed":false,"_monsterinsights_skip_tracking":false,"_monsterinsights_sitenote_active":false,"_monsterinsights_sitenote_note":"","_monsterinsights_sitenote_category":0,"footnotes":""},"class_list":["post-1812","page","type-page","status-publish","hentry"],"acf":[],"yoast_head":"<!-- This site is optimized with the Yoast SEO plugin v27.6 - https:\/\/yoast.com\/product\/yoast-seo-wordpress\/ -->\n<title>\u58d3\u529b\u578b\u6e2c\u8a66 - Rebecca Soetebier - Stressexpertin und F\u00fchrungskr\u00e4ftetrainer<\/title>\n<meta name=\"robots\" content=\"index, follow, max-snippet:-1, max-image-preview:large, max-video-preview:-1\" \/>\n<link rel=\"canonical\" href=\"https:\/\/www.rebecca-soetebier.de\/zh-hant\/\u58d3\u529b\u578b\u6e2c\u8a66\/\" \/>\n<meta property=\"og:locale\" content=\"zh_TW\" \/>\n<meta property=\"og:type\" content=\"article\" \/>\n<meta property=\"og:title\" content=\"\u58d3\u529b\u578b\u6e2c\u8a66 - Rebecca Soetebier - Stressexpertin und F\u00fchrungskr\u00e4ftetrainer\" \/>\n<meta property=\"og:description\" content=\"[vc_row css=&#8221;.vc_cus [\u2026]\" \/>\n<meta property=\"og:url\" content=\"https:\/\/www.rebecca-soetebier.de\/zh-hant\/\u58d3\u529b\u578b\u6e2c\u8a66\/\" \/>\n<meta property=\"og:site_name\" content=\"Rebecca Soetebier - Stressexpertin und F\u00fchrungskr\u00e4ftetrainer\" \/>\n<meta property=\"article:publisher\" content=\"https:\/\/www.facebook.com\/rebecca.Soetebier\" \/>\n<meta property=\"article:modified_time\" content=\"2020-06-24T15:41:23+00:00\" \/>\n<meta name=\"twitter:card\" content=\"summary_large_image\" \/>\n<meta name=\"twitter:label1\" content=\"\u9810\u4f30\u95b1\u8b80\u6642\u9593\" \/>\n\t<meta name=\"twitter:data1\" content=\"1 \u5206\u9418\" \/>\n<script type=\"application\/ld+json\" class=\"yoast-schema-graph\">{\"@context\":\"https:\\\/\\\/schema.org\",\"@graph\":[{\"@type\":\"WebPage\",\"@id\":\"https:\\\/\\\/www.rebecca-soetebier.de\\\/zh-hant\\\/%e5%a3%93%e5%8a%9b%e5%9e%8b%e6%b8%ac%e8%a9%a6\\\/\",\"url\":\"https:\\\/\\\/www.rebecca-soetebier.de\\\/zh-hant\\\/%e5%a3%93%e5%8a%9b%e5%9e%8b%e6%b8%ac%e8%a9%a6\\\/\",\"name\":\"\u58d3\u529b\u578b\u6e2c\u8a66 - Rebecca Soetebier - Stressexpertin und F\u00fchrungskr\u00e4ftetrainer\",\"isPartOf\":{\"@id\":\"https:\\\/\\\/www.rebecca-soetebier.de\\\/#website\"},\"datePublished\":\"2020-06-18T14:07:18+00:00\",\"dateModified\":\"2020-06-24T15:41:23+00:00\",\"breadcrumb\":{\"@id\":\"https:\\\/\\\/www.rebecca-soetebier.de\\\/zh-hant\\\/%e5%a3%93%e5%8a%9b%e5%9e%8b%e6%b8%ac%e8%a9%a6\\\/#breadcrumb\"},\"inLanguage\":\"zh-TW\",\"potentialAction\":[{\"@type\":\"ReadAction\",\"target\":[\"https:\\\/\\\/www.rebecca-soetebier.de\\\/zh-hant\\\/%e5%a3%93%e5%8a%9b%e5%9e%8b%e6%b8%ac%e8%a9%a6\\\/\"]}]},{\"@type\":\"BreadcrumbList\",\"@id\":\"https:\\\/\\\/www.rebecca-soetebier.de\\\/zh-hant\\\/%e5%a3%93%e5%8a%9b%e5%9e%8b%e6%b8%ac%e8%a9%a6\\\/#breadcrumb\",\"itemListElement\":[{\"@type\":\"ListItem\",\"position\":1,\"name\":\"Startseite\",\"item\":\"https:\\\/\\\/www.rebecca-soetebier.de\\\/\"},{\"@type\":\"ListItem\",\"position\":2,\"name\":\"\u58d3\u529b\u578b\u6e2c\u8a66\"}]},{\"@type\":\"WebSite\",\"@id\":\"https:\\\/\\\/www.rebecca-soetebier.de\\\/#website\",\"url\":\"https:\\\/\\\/www.rebecca-soetebier.de\\\/\",\"name\":\"Rebecca Soetebier - Stressexpertin und F\u00fchrungskr\u00e4ftetrainer\",\"description\":\"Mache dein Leben sch\u00f6n und erfolgreich\",\"potentialAction\":[{\"@type\":\"SearchAction\",\"target\":{\"@type\":\"EntryPoint\",\"urlTemplate\":\"https:\\\/\\\/www.rebecca-soetebier.de\\\/?s={search_term_string}\"},\"query-input\":{\"@type\":\"PropertyValueSpecification\",\"valueRequired\":true,\"valueName\":\"search_term_string\"}}],\"inLanguage\":\"zh-TW\"}]}<\/script>\n<!-- \/ Yoast SEO plugin. -->","yoast_head_json":{"title":"\u58d3\u529b\u578b\u6e2c\u8a66 - Rebecca Soetebier - Stressexpertin und F\u00fchrungskr\u00e4ftetrainer","robots":{"index":"index","follow":"follow","max-snippet":"max-snippet:-1","max-image-preview":"max-image-preview:large","max-video-preview":"max-video-preview:-1"},"canonical":"https:\/\/www.rebecca-soetebier.de\/zh-hant\/\u58d3\u529b\u578b\u6e2c\u8a66\/","og_locale":"zh_TW","og_type":"article","og_title":"\u58d3\u529b\u578b\u6e2c\u8a66 - Rebecca Soetebier - Stressexpertin und F\u00fchrungskr\u00e4ftetrainer","og_description":"[vc_row css=&#8221;.vc_cus [\u2026]","og_url":"https:\/\/www.rebecca-soetebier.de\/zh-hant\/\u58d3\u529b\u578b\u6e2c\u8a66\/","og_site_name":"Rebecca Soetebier - Stressexpertin und F\u00fchrungskr\u00e4ftetrainer","article_publisher":"https:\/\/www.facebook.com\/rebecca.Soetebier","article_modified_time":"2020-06-24T15:41:23+00:00","twitter_card":"summary_large_image","twitter_misc":{"\u9810\u4f30\u95b1\u8b80\u6642\u9593":"1 \u5206\u9418"},"schema":{"@context":"https:\/\/schema.org","@graph":[{"@type":"WebPage","@id":"https:\/\/www.rebecca-soetebier.de\/zh-hant\/%e5%a3%93%e5%8a%9b%e5%9e%8b%e6%b8%ac%e8%a9%a6\/","url":"https:\/\/www.rebecca-soetebier.de\/zh-hant\/%e5%a3%93%e5%8a%9b%e5%9e%8b%e6%b8%ac%e8%a9%a6\/","name":"\u58d3\u529b\u578b\u6e2c\u8a66 - Rebecca Soetebier - Stressexpertin und F\u00fchrungskr\u00e4ftetrainer","isPartOf":{"@id":"https:\/\/www.rebecca-soetebier.de\/#website"},"datePublished":"2020-06-18T14:07:18+00:00","dateModified":"2020-06-24T15:41:23+00:00","breadcrumb":{"@id":"https:\/\/www.rebecca-soetebier.de\/zh-hant\/%e5%a3%93%e5%8a%9b%e5%9e%8b%e6%b8%ac%e8%a9%a6\/#breadcrumb"},"inLanguage":"zh-TW","potentialAction":[{"@type":"ReadAction","target":["https:\/\/www.rebecca-soetebier.de\/zh-hant\/%e5%a3%93%e5%8a%9b%e5%9e%8b%e6%b8%ac%e8%a9%a6\/"]}]},{"@type":"BreadcrumbList","@id":"https:\/\/www.rebecca-soetebier.de\/zh-hant\/%e5%a3%93%e5%8a%9b%e5%9e%8b%e6%b8%ac%e8%a9%a6\/#breadcrumb","itemListElement":[{"@type":"ListItem","position":1,"name":"Startseite","item":"https:\/\/www.rebecca-soetebier.de\/"},{"@type":"ListItem","position":2,"name":"\u58d3\u529b\u578b\u6e2c\u8a66"}]},{"@type":"WebSite","@id":"https:\/\/www.rebecca-soetebier.de\/#website","url":"https:\/\/www.rebecca-soetebier.de\/","name":"Rebecca Soetebier - Stressexpertin und F\u00fchrungskr\u00e4ftetrainer","description":"Mache dein Leben sch\u00f6n und erfolgreich","potentialAction":[{"@type":"SearchAction","target":{"@type":"EntryPoint","urlTemplate":"https:\/\/www.rebecca-soetebier.de\/?s={search_term_string}"},"query-input":{"@type":"PropertyValueSpecification","valueRequired":true,"valueName":"search_term_string"}}],"inLanguage":"zh-TW"}]}},"_links":{"self":[{"href":"https:\/\/www.rebecca-soetebier.de\/zh-hant\/wp-json\/wp\/v2\/pages\/1812","targetHints":{"allow":["GET"]}}],"collection":[{"href":"https:\/\/www.rebecca-soetebier.de\/zh-hant\/wp-json\/wp\/v2\/pages"}],"about":[{"href":"https:\/\/www.rebecca-soetebier.de\/zh-hant\/wp-json\/wp\/v2\/types\/page"}],"author":[{"embeddable":true,"href":"https:\/\/www.rebecca-soetebier.de\/zh-hant\/wp-json\/wp\/v2\/users\/4"}],"replies":[{"embeddable":true,"href":"https:\/\/www.rebecca-soetebier.de\/zh-hant\/wp-json\/wp\/v2\/comments?post=1812"}],"version-history":[{"count":3,"href":"https:\/\/www.rebecca-soetebier.de\/zh-hant\/wp-json\/wp\/v2\/pages\/1812\/revisions"}],"predecessor-version":[{"id":1829,"href":"https:\/\/www.rebecca-soetebier.de\/zh-hant\/wp-json\/wp\/v2\/pages\/1812\/revisions\/1829"}],"wp:attachment":[{"href":"https:\/\/www.rebecca-soetebier.de\/zh-hant\/wp-json\/wp\/v2\/media?parent=1812"}],"curies":[{"name":"wp","href":"https:\/\/api.w.org\/{rel}","templated":true}]}}