{"id":1808,"date":"2020-02-25T15:09:17","date_gmt":"2020-02-25T14:09:17","guid":{"rendered":"https:\/\/www.rebecca-soetebier.de\/stresstypentest\/"},"modified":"2020-06-18T16:47:58","modified_gmt":"2020-06-18T14:47:58","slug":"stress-type-test","status":"publish","type":"page","link":"https:\/\/www.rebecca-soetebier.de\/en\/stress-type-test\/","title":{"rendered":"Stress-Type-Test"},"content":{"rendered":"<div class=\"wpb-content-wrapper\"><p>[vc_row css=&#8221;.vc_custom_1592488777589{margin-top: 40px !important;margin-bottom: 0px !important;}&#8221;][vc_column width=&#8221;1\/4&#8243;][\/vc_column][vc_column width=&#8221;1\/2&#8243;][vc_column_text]<\/p>\n<p style=\"text-align: center;\"><strong>\n<div role=\"navigation\" aria-label=\"Language Switcher\" class=\"wpml-ls-statics-shortcode_actions wpml-ls wpml-ls-legacy-list-horizontal\">\n\t<ul><li class=\"wpml-ls-slot-shortcode_actions wpml-ls-item wpml-ls-item-de wpml-ls-first-item wpml-ls-item-legacy-list-horizontal\">\n\t\t\t\t<a href=\"https:\/\/www.rebecca-soetebier.de\/\" hreflang=\"de\" lang=\"de\" class=\"wpml-ls-link\" aria-label=\"Switch to Deutsch\" title=\"Switch to Deutsch\">\n\t\t\t\t\t                                    <img decoding=\"async\"\n            class=\"wpml-ls-flag\"\n            src=\"https:\/\/www.rebecca-soetebier.de\/wordpress\/wp-content\/plugins\/sitepress-multilingual-cms\/res\/flags\/de.png\"\n            alt=\"\"\n            loading=\"lazy\"\n            width=18\n            height=12\n    \/><span class=\"wpml-ls-native\">Deutsch<\/span><\/a>\n\t\t\t<\/li><li class=\"wpml-ls-slot-shortcode_actions wpml-ls-item wpml-ls-item-en wpml-ls-current-language wpml-ls-item-legacy-list-horizontal\">\n\t\t\t\t<a href=\"https:\/\/www.rebecca-soetebier.de\/en\/\" hreflang=\"en\" lang=\"en\" class=\"wpml-ls-link\" aria-current=\"page\" aria-label=\"Switch to English\" title=\"Switch to English\">\n\t\t\t\t\t                                    <img decoding=\"async\"\n            class=\"wpml-ls-flag\"\n            src=\"https:\/\/www.rebecca-soetebier.de\/wordpress\/wp-content\/plugins\/sitepress-multilingual-cms\/res\/flags\/en.png\"\n            alt=\"\"\n            loading=\"lazy\"\n            width=18\n            height=12\n    \/><span class=\"wpml-ls-native\">English<\/span><\/a>\n\t\t\t<\/li><li class=\"wpml-ls-slot-shortcode_actions wpml-ls-item wpml-ls-item-zh-hant wpml-ls-last-item wpml-ls-item-legacy-list-horizontal\">\n\t\t\t\t<a href=\"https:\/\/www.rebecca-soetebier.de\/zh-hant\/\" hreflang=\"zh-hant\" lang=\"zh-hant\" class=\"wpml-ls-link\" aria-label=\"Switch to \u7e41\u9ad4\u4e2d\u6587\" title=\"Switch to \u7e41\u9ad4\u4e2d\u6587\">\n\t\t\t\t\t                                    <img decoding=\"async\"\n            class=\"wpml-ls-flag\"\n            src=\"https:\/\/www.rebecca-soetebier.de\/wordpress\/wp-content\/plugins\/sitepress-multilingual-cms\/res\/flags\/zh.png\"\n            alt=\"\"\n            loading=\"lazy\"\n            width=18\n            height=12\n    \/><span class=\"wpml-ls-native\">\u7e41\u9ad4\u4e2d\u6587<\/span><\/a>\n\t\t\t<\/li><\/ul>\n<\/div>\n<\/strong><\/p>\n<p>[\/vc_column_text][\/vc_column][vc_column width=&#8221;1\/4&#8243;][\/vc_column][\/vc_row][vc_row css=&#8221;.vc_custom_1582639709028{margin-top: 0px !important;margin-bottom: 60px !important;padding-top: 0px !important;}&#8221;][vc_column css=&#8221;.vc_custom_1582639643659{margin-top: 0px !important;padding-top: 0px !important;}&#8221;][vc_column_text css=&#8221;.vc_custom_1582639550388{margin-top: 40px !important;}&#8221;]<\/p>\n<h1 style=\"text-align: center; color: #f0a900;\">\u201cHigher performance with less stress\u201d<\/h1>\n<h2 style=\"text-align: center; color: #f0a900;\">That sounds like magic to you? It is the right strategy!<\/h2>\n<p>[\/vc_column_text][vc_column_text css=&#8221;.vc_custom_1582639736698{margin-bottom: 30px !important;}&#8221;]<\/p>\n<p class=\"p2\"><span class=\"s1\">Imagine a stress blockade, like a locked door that separates you from your true abilities. To open this door, all you need is the right key. And we will find that together: With the stress-type-test you will learn to solve stress blocks through the right strategy for you and to keep your energy at a healthy level. That\u2019s how success will show in your life, because energy always wins!<\/span><\/p>\n<p class=\"p3\">If you know how best to deal with Racing-Cuckoo, Aerobic-Wolf, Chill-Bear and Chatter-Box and what their very own dos and don\u2019ts are for reducing stress, you will be more intelligent in your environment! An optimized environment brings the energy to flow, minimizing sick leave and other inconveniences. Less conflicts, higher productivity and more time for beautiful things!<\/p>\n<p>[\/vc_column_text][vc_btn title=&#8221;Start the test now&#8221; style=&#8221;custom&#8221; custom_background=&#8221;#00cc2c&#8221; custom_text=&#8221;#ffffff&#8221; size=&#8221;lg&#8221; align=&#8221;center&#8221; link=&#8221;url:https%3A%2F%2Fwww.rebecca-soetebier.de%2Fen%2Fstress-type-test-start%2F|||&#8221;][\/vc_column][\/vc_row]<\/p>\n<\/div>","protected":false},"excerpt":{"rendered":"<p>[vc_row css=&#8221;.vc_custom_1592488777589{margin-top: 40px !important;margin-bottom: 0px !important;}&#8221;][vc_column width=&#8221;1\/4&#8243;][\/vc_column][vc_column width=&#8221;1\/2&#8243;][vc_column_text] [\/vc_column_text][\/vc_column][vc_column width=&#8221;1\/4&#8243;][\/vc_column][\/vc_row][vc_row css=&#8221;.vc_custom_1582639709028{margin-top: 0px !important;margin-bottom: 60px !important;padding-top: 0px !important;}&#8221;][vc_column css=&#8221;.vc_custom_1582639643659{margin-top: 0px !important;padding-top: 0px !important;}&#8221;][vc_column_text css=&#8221;.vc_custom_1582639550388{margin-top: 40px !important;}&#8221;] \u201cHigher<span class=\"excerpt-hellip\"> [\u2026]<\/span><\/p>\n","protected":false},"author":4,"featured_media":0,"parent":0,"menu_order":-80,"comment_status":"closed","ping_status":"closed","template":"","meta":{"_acf_changed":false,"_monsterinsights_skip_tracking":false,"_monsterinsights_sitenote_active":false,"_monsterinsights_sitenote_note":"","_monsterinsights_sitenote_category":0,"footnotes":""},"class_list":["post-1808","page","type-page","status-publish","hentry"],"acf":[],"yoast_head":"<!-- This site is optimized with the Yoast SEO plugin v27.3 - https:\/\/yoast.com\/product\/yoast-seo-wordpress\/ -->\n<title>Stress-Type-Test - Rebecca Soetebier - Stressexpertin und F\u00fchrungskr\u00e4ftetrainer<\/title>\n<meta name=\"robots\" content=\"index, follow, max-snippet:-1, max-image-preview:large, max-video-preview:-1\" \/>\n<link rel=\"canonical\" href=\"https:\/\/www.rebecca-soetebier.de\/en\/stress-type-test\/\" \/>\n<meta property=\"og:locale\" content=\"en_US\" \/>\n<meta property=\"og:type\" content=\"article\" \/>\n<meta property=\"og:title\" content=\"Stress-Type-Test - Rebecca Soetebier - Stressexpertin und F\u00fchrungskr\u00e4ftetrainer\" \/>\n<meta property=\"og:description\" content=\"[vc_row css=&#8221;.vc_custom_1592488777589{margin-top: 40px !important;margin-bottom: 0px !important;}&#8221;][vc_column width=&#8221;1\/4&#8243;][\/vc_column][vc_column width=&#8221;1\/2&#8243;][vc_column_text] [\/vc_column_text][\/vc_column][vc_column width=&#8221;1\/4&#8243;][\/vc_column][\/vc_row][vc_row css=&#8221;.vc_custom_1582639709028{margin-top: 0px !important;margin-bottom: 60px !important;padding-top: 0px !important;}&#8221;][vc_column css=&#8221;.vc_custom_1582639643659{margin-top: 0px !important;padding-top: 0px !important;}&#8221;][vc_column_text css=&#8221;.vc_custom_1582639550388{margin-top: 40px !important;}&#8221;] \u201cHigher [\u2026]\" \/>\n<meta property=\"og:url\" content=\"https:\/\/www.rebecca-soetebier.de\/en\/stress-type-test\/\" \/>\n<meta property=\"og:site_name\" content=\"Rebecca Soetebier - Stressexpertin und F\u00fchrungskr\u00e4ftetrainer\" \/>\n<meta property=\"article:publisher\" content=\"https:\/\/www.facebook.com\/rebecca.Soetebier\" \/>\n<meta property=\"article:modified_time\" content=\"2020-06-18T14:47:58+00:00\" \/>\n<meta name=\"twitter:card\" content=\"summary_large_image\" \/>\n<meta name=\"twitter:label1\" content=\"Est. reading time\" \/>\n\t<meta name=\"twitter:data1\" content=\"1 minute\" \/>\n<script type=\"application\/ld+json\" class=\"yoast-schema-graph\">{\"@context\":\"https:\\\/\\\/schema.org\",\"@graph\":[{\"@type\":\"WebPage\",\"@id\":\"https:\\\/\\\/www.rebecca-soetebier.de\\\/en\\\/stress-type-test\\\/\",\"url\":\"https:\\\/\\\/www.rebecca-soetebier.de\\\/en\\\/stress-type-test\\\/\",\"name\":\"Stress-Type-Test - Rebecca Soetebier - Stressexpertin und F\u00fchrungskr\u00e4ftetrainer\",\"isPartOf\":{\"@id\":\"https:\\\/\\\/www.rebecca-soetebier.de\\\/#website\"},\"datePublished\":\"2020-02-25T14:09:17+00:00\",\"dateModified\":\"2020-06-18T14:47:58+00:00\",\"breadcrumb\":{\"@id\":\"https:\\\/\\\/www.rebecca-soetebier.de\\\/en\\\/stress-type-test\\\/#breadcrumb\"},\"inLanguage\":\"en-US\",\"potentialAction\":[{\"@type\":\"ReadAction\",\"target\":[\"https:\\\/\\\/www.rebecca-soetebier.de\\\/en\\\/stress-type-test\\\/\"]}]},{\"@type\":\"BreadcrumbList\",\"@id\":\"https:\\\/\\\/www.rebecca-soetebier.de\\\/en\\\/stress-type-test\\\/#breadcrumb\",\"itemListElement\":[{\"@type\":\"ListItem\",\"position\":1,\"name\":\"Startseite\",\"item\":\"https:\\\/\\\/www.rebecca-soetebier.de\\\/\"},{\"@type\":\"ListItem\",\"position\":2,\"name\":\"Stress-Type-Test\"}]},{\"@type\":\"WebSite\",\"@id\":\"https:\\\/\\\/www.rebecca-soetebier.de\\\/#website\",\"url\":\"https:\\\/\\\/www.rebecca-soetebier.de\\\/\",\"name\":\"Rebecca Soetebier - Stressexpertin und F\u00fchrungskr\u00e4ftetrainer\",\"description\":\"Mache dein Leben sch\u00f6n und erfolgreich\",\"potentialAction\":[{\"@type\":\"SearchAction\",\"target\":{\"@type\":\"EntryPoint\",\"urlTemplate\":\"https:\\\/\\\/www.rebecca-soetebier.de\\\/?s={search_term_string}\"},\"query-input\":{\"@type\":\"PropertyValueSpecification\",\"valueRequired\":true,\"valueName\":\"search_term_string\"}}],\"inLanguage\":\"en-US\"}]}<\/script>\n<!-- \/ Yoast SEO plugin. -->","yoast_head_json":{"title":"Stress-Type-Test - Rebecca Soetebier - Stressexpertin und F\u00fchrungskr\u00e4ftetrainer","robots":{"index":"index","follow":"follow","max-snippet":"max-snippet:-1","max-image-preview":"max-image-preview:large","max-video-preview":"max-video-preview:-1"},"canonical":"https:\/\/www.rebecca-soetebier.de\/en\/stress-type-test\/","og_locale":"en_US","og_type":"article","og_title":"Stress-Type-Test - Rebecca Soetebier - Stressexpertin und F\u00fchrungskr\u00e4ftetrainer","og_description":"[vc_row css=&#8221;.vc_custom_1592488777589{margin-top: 40px !important;margin-bottom: 0px !important;}&#8221;][vc_column width=&#8221;1\/4&#8243;][\/vc_column][vc_column width=&#8221;1\/2&#8243;][vc_column_text] [\/vc_column_text][\/vc_column][vc_column width=&#8221;1\/4&#8243;][\/vc_column][\/vc_row][vc_row css=&#8221;.vc_custom_1582639709028{margin-top: 0px !important;margin-bottom: 60px !important;padding-top: 0px !important;}&#8221;][vc_column css=&#8221;.vc_custom_1582639643659{margin-top: 0px !important;padding-top: 0px !important;}&#8221;][vc_column_text css=&#8221;.vc_custom_1582639550388{margin-top: 40px !important;}&#8221;] \u201cHigher [\u2026]","og_url":"https:\/\/www.rebecca-soetebier.de\/en\/stress-type-test\/","og_site_name":"Rebecca Soetebier - Stressexpertin und F\u00fchrungskr\u00e4ftetrainer","article_publisher":"https:\/\/www.facebook.com\/rebecca.Soetebier","article_modified_time":"2020-06-18T14:47:58+00:00","twitter_card":"summary_large_image","twitter_misc":{"Est. reading time":"1 minute"},"schema":{"@context":"https:\/\/schema.org","@graph":[{"@type":"WebPage","@id":"https:\/\/www.rebecca-soetebier.de\/en\/stress-type-test\/","url":"https:\/\/www.rebecca-soetebier.de\/en\/stress-type-test\/","name":"Stress-Type-Test - Rebecca Soetebier - Stressexpertin und F\u00fchrungskr\u00e4ftetrainer","isPartOf":{"@id":"https:\/\/www.rebecca-soetebier.de\/#website"},"datePublished":"2020-02-25T14:09:17+00:00","dateModified":"2020-06-18T14:47:58+00:00","breadcrumb":{"@id":"https:\/\/www.rebecca-soetebier.de\/en\/stress-type-test\/#breadcrumb"},"inLanguage":"en-US","potentialAction":[{"@type":"ReadAction","target":["https:\/\/www.rebecca-soetebier.de\/en\/stress-type-test\/"]}]},{"@type":"BreadcrumbList","@id":"https:\/\/www.rebecca-soetebier.de\/en\/stress-type-test\/#breadcrumb","itemListElement":[{"@type":"ListItem","position":1,"name":"Startseite","item":"https:\/\/www.rebecca-soetebier.de\/"},{"@type":"ListItem","position":2,"name":"Stress-Type-Test"}]},{"@type":"WebSite","@id":"https:\/\/www.rebecca-soetebier.de\/#website","url":"https:\/\/www.rebecca-soetebier.de\/","name":"Rebecca Soetebier - Stressexpertin und F\u00fchrungskr\u00e4ftetrainer","description":"Mache dein Leben sch\u00f6n und erfolgreich","potentialAction":[{"@type":"SearchAction","target":{"@type":"EntryPoint","urlTemplate":"https:\/\/www.rebecca-soetebier.de\/?s={search_term_string}"},"query-input":{"@type":"PropertyValueSpecification","valueRequired":true,"valueName":"search_term_string"}}],"inLanguage":"en-US"}]}},"_links":{"self":[{"href":"https:\/\/www.rebecca-soetebier.de\/en\/wp-json\/wp\/v2\/pages\/1808","targetHints":{"allow":["GET"]}}],"collection":[{"href":"https:\/\/www.rebecca-soetebier.de\/en\/wp-json\/wp\/v2\/pages"}],"about":[{"href":"https:\/\/www.rebecca-soetebier.de\/en\/wp-json\/wp\/v2\/types\/page"}],"author":[{"embeddable":true,"href":"https:\/\/www.rebecca-soetebier.de\/en\/wp-json\/wp\/v2\/users\/4"}],"replies":[{"embeddable":true,"href":"https:\/\/www.rebecca-soetebier.de\/en\/wp-json\/wp\/v2\/comments?post=1808"}],"version-history":[{"count":5,"href":"https:\/\/www.rebecca-soetebier.de\/en\/wp-json\/wp\/v2\/pages\/1808\/revisions"}],"predecessor-version":[{"id":1817,"href":"https:\/\/www.rebecca-soetebier.de\/en\/wp-json\/wp\/v2\/pages\/1808\/revisions\/1817"}],"wp:attachment":[{"href":"https:\/\/www.rebecca-soetebier.de\/en\/wp-json\/wp\/v2\/media?parent=1808"}],"curies":[{"name":"wp","href":"https:\/\/api.w.org\/{rel}","templated":true}]}}